{"id":29578,"date":"2023-01-19T20:34:21","date_gmt":"2023-01-19T20:34:21","guid":{"rendered":"https:\/\/theme-dev.cmsmasters.net\/dental\/?page_id=28904"},"modified":"2024-09-15T20:10:01","modified_gmt":"2024-09-15T20:10:01","slug":"blog","status":"publish","type":"page","link":"https:\/\/uzuriestetica.com\/en\/blog\/","title":{"rendered":"Blog"},"content":{"rendered":"<div data-elementor-type=\"wp-page\" data-elementor-id=\"29578\" class=\"elementor elementor-29578\">\n\t\t\t\t<div class=\"elementor-element elementor-element-80651d6 cmsmasters-section-for-header-yes e-flex e-con-boxed cmsmasters-bg-hide-none cmsmasters-bg-hide-none cmsmasters-block-default e-con e-parent\" data-id=\"80651d6\" data-element_type=\"container\" data-e-type=\"container\" data-settings=\"{&quot;background_background&quot;:&quot;classic&quot;}\">\n\t\t\t\t\t<div class=\"e-con-inner\">\n\t\t\t\t<div class=\"elementor-element elementor-element-8765727 cmsmasters-line-clamp-no cmsmasters-color-variation-default cmsmasters-pointer-none cmsmasters-block-default cmsmasters-sticky-default elementor-widget elementor-widget-cmsmasters-page-title cmsmasters-widget-title\" data-id=\"8765727\" data-element_type=\"widget\" data-e-type=\"widget\" data-widget_type=\"cmsmasters-page-title.default\">\n\t\t\t\t<div class=\"elementor-widget-container\">\n\t\t\t\t\t<h1 class=\"entry-title cmsmasters-widget-title__heading\">Archives<\/h1>\t\t\t\t<\/div>\n\t\t\t\t<\/div>\n\t\t\t\t<div class=\"elementor-element elementor-element-d3a4e9a cmsmasters-breadcrumbs-alignment-right cmsmasters-breadcrumbs-alignment-mobile-left cmsmasters-separator-type-text cmsmasters-block-default cmsmasters-sticky-default elementor-widget elementor-widget-cmsmasters-breadcrumbs cmsmasters-widget-breadcrumbs\" data-id=\"d3a4e9a\" data-element_type=\"widget\" data-e-type=\"widget\" data-widget_type=\"cmsmasters-breadcrumbs.default\">\n\t\t\t\t<div class=\"elementor-widget-container\">\n\t\t\t\t\t<div class=\"cmsmasters-widget-breadcrumbs__container\"><div class=\"cmsmasters-widget-breadcrumbs__content\"><a href=\"https:\/\/uzuriestetica.com\/en\/\" class=\"cmsmasters-home\">Home<\/a><span class=\"cmsmasters-widget-breadcrumbs__sep\"><span>\/<\/span><\/span><span>No breadcrumbs<\/span><\/div><\/div>\t\t\t\t<\/div>\n\t\t\t\t<\/div>\n\t\t\t\t\t<\/div>\n\t\t\t\t<\/div>\n\t\t<div class=\"elementor-element elementor-element-e90a4e5 e-flex e-con-boxed cmsmasters-block-default e-con e-parent\" data-id=\"e90a4e5\" data-element_type=\"container\" data-e-type=\"container\">\n\t\t\t\t\t<div class=\"e-con-inner\">\n\t\t\t\t<div class=\"elementor-element elementor-element-224a7ff cmsmasters-blog--layout-custom cmsmasters-blog-grid-marker__marker-icon cmsmasters-block-default cmsmasters-sticky-default elementor-widget elementor-widget-cmsmasters-blog-grid elementor-widget-cmsmasters-blog-similar\" data-id=\"224a7ff\" data-element_type=\"widget\" data-e-type=\"widget\" data-settings=\"{&quot;blog_layout&quot;:&quot;custom&quot;,&quot;blog_template_id&quot;:&quot;182&quot;,&quot;columns_tablet&quot;:&quot;2&quot;,&quot;post_gap_column&quot;:{&quot;unit&quot;:&quot;px&quot;,&quot;size&quot;:40,&quot;sizes&quot;:[]},&quot;post_gap_column_tablet&quot;:{&quot;unit&quot;:&quot;px&quot;,&quot;size&quot;:30,&quot;sizes&quot;:[]},&quot;post_gap_row&quot;:{&quot;unit&quot;:&quot;px&quot;,&quot;size&quot;:60,&quot;sizes&quot;:[]},&quot;post_gap_row_tablet&quot;:{&quot;unit&quot;:&quot;px&quot;,&quot;size&quot;:40,&quot;sizes&quot;:[]},&quot;post_gap_row_mobile&quot;:{&quot;unit&quot;:&quot;px&quot;,&quot;size&quot;:40,&quot;sizes&quot;:[]},&quot;columns&quot;:3,&quot;columns_mobile&quot;:&quot;1&quot;,&quot;blog_post_type&quot;:&quot;post&quot;,&quot;query_control_prefix&quot;:&quot;blog&quot;,&quot;post_gap_column_widescreen&quot;:{&quot;unit&quot;:&quot;px&quot;,&quot;size&quot;:&quot;&quot;,&quot;sizes&quot;:[]},&quot;post_gap_row_widescreen&quot;:{&quot;unit&quot;:&quot;px&quot;,&quot;size&quot;:&quot;&quot;,&quot;sizes&quot;:[]}}\" data-widget_type=\"cmsmasters-blog-grid.default\" data-document-id=\"29578\">\n\t\t\t\t<div class=\"elementor-widget-container\">\n\t\t\t\t\t<div class=\"cmsmasters-blog cmsmasters-blog-grid cmsmasters-blog--type-default\"><div class=\"cmsmasters-blog__posts-variable\"><div class=\"cmsmasters-blog__posts-wrap\"><div class=\"cmsmasters-blog__posts\"><article id=\"post-1398\" class=\"cmsmasters-blog__post post-1398 post type-post status-publish format-standard has-post-thumbnail hentry category-uzuri-estetica tag-injections tag-laser\"><div class=\"cmsmasters-blog__post-inner\"><div data-elementor-type=\"cmsmasters_entry\" data-elementor-id=\"182\" class=\"elementor elementor-182\">\t\t\t<div class=\"elementor-inner\">\n\t\t\t\t<div class=\"elementor-section-wrap\">\n\t\t\t\t\t<div class=\"elementor-element elementor-element-40cab28d e-con-full e-flex cmsmasters-block-default e-con e-parent\" data-id=\"40cab28d\" data-element_type=\"container\" data-e-type=\"container\">\n\t\t\t\t<div class=\"elementor-element elementor-element-2889bd91 cmsmasters-object-fit cmsmasters-object-fit-cover cmsmasters-block-default cmsmasters-sticky-default elementor-widget elementor-widget-cmsmasters-post-featured-image cmsmasters-widget-image\" data-id=\"2889bd91\" data-element_type=\"widget\" data-e-type=\"widget\" data-widget_type=\"cmsmasters-post-featured-image.default\">\n\t\t\t\t<div class=\"elementor-widget-container\">\n\t\t\t\t\t<div class=\"cmsmasters-widget-image__wrap\"><a href=\"https:\/\/uzuriestetica.com\/en\/como-mejorar-la-condicion-de-la-piel-secretos-para-una-piel-perfecta\/\" data-elementor-open-lightbox=\"\" aria-label=\"Featured Image\"><img fetchpriority=\"high\" decoding=\"async\" width=\"1480\" height=\"840\" src=\"https:\/\/uzuriestetica.com\/wp-content\/uploads\/2024\/01\/blog-3-30x17.webp\" class=\"attachment-full size-full wp-image-28385 cmsmasters_img cmsmasters-lazyload lazyload\" alt=\"blog-3\" data-sizes=\"(max-width: 1480px) 100vw, 1480px\" data-src=\"https:\/\/uzuriestetica.com\/wp-content\/uploads\/2024\/01\/blog-3.webp\" data-srcset=\"https:\/\/uzuriestetica.com\/wp-content\/uploads\/2024\/01\/blog-3.webp 1480w, https:\/\/uzuriestetica.com\/wp-content\/uploads\/2024\/01\/blog-3-600x341.webp 600w, https:\/\/uzuriestetica.com\/wp-content\/uploads\/2024\/01\/blog-3-300x170.webp 300w, https:\/\/uzuriestetica.com\/wp-content\/uploads\/2024\/01\/blog-3-1024x581.webp 1024w, https:\/\/uzuriestetica.com\/wp-content\/uploads\/2024\/01\/blog-3-768x436.webp 768w, https:\/\/uzuriestetica.com\/wp-content\/uploads\/2024\/01\/blog-3-529x300.webp 529w, https:\/\/uzuriestetica.com\/wp-content\/uploads\/2024\/01\/blog-3-30x16.webp 30w, https:\/\/uzuriestetica.com\/wp-content\/uploads\/2024\/01\/blog-3-18x10.webp 18w\" srcset=\"https:\/\/uzuriestetica.com\/wp-content\/uploads\/2024\/01\/blog-3-30x16.webp 30w, https:\/\/uzuriestetica.com\/wp-content\/uploads\/2024\/01\/blog-3-600x341.webp 600w, https:\/\/uzuriestetica.com\/wp-content\/uploads\/2024\/01\/blog-3-300x170.webp 300w, https:\/\/uzuriestetica.com\/wp-content\/uploads\/2024\/01\/blog-3-1024x581.webp 1024w, https:\/\/uzuriestetica.com\/wp-content\/uploads\/2024\/01\/blog-3-768x436.webp 768w, https:\/\/uzuriestetica.com\/wp-content\/uploads\/2024\/01\/blog-3-529x300.webp 529w, https:\/\/uzuriestetica.com\/wp-content\/uploads\/2024\/01\/blog-3-18x10.webp 18w, https:\/\/uzuriestetica.com\/wp-content\/uploads\/2024\/01\/blog-3.webp 1480w\" sizes=\"(max-width: 1480px) 100vw, 1480px\" \/><\/a><\/div>\t\t\t\t<\/div>\n\t\t\t\t<\/div>\n\t\t\t\t<div class=\"elementor-element elementor-element-7f914e7c cmsmasters-metadata-alignment-left cmsmasters-count--dir-row cmsmasters-block-default cmsmasters-sticky-default elementor-widget elementor-widget-cmsmasters-meta-data\" data-id=\"7f914e7c\" data-element_type=\"widget\" data-e-type=\"widget\" data-widget_type=\"cmsmasters-meta-data.default\">\n\t\t\t\t<div class=\"elementor-widget-container\">\n\t\t\t\t\t\t\t<div class=\"cmsmasters-meta-data\">\n\t\t\t<div class=\"cmsmasters-meta-data__inner\">\n\t\t\t\t<div class=\"cmsmasters-meta-data__item elementor-repeater-item-e224480\"><div class=\"cmsmasters-meta-data__item__inner\"><span data-taxonomy=\"category\" class=\"cmsmasters-postmeta\" data-name=\"taxonomy\"><span class=\"cmsmasters-postmeta__inner\"><span class=\"cmsmasters-postmeta__content\"><span class=\"term-wrap\"><a class=\"term\" rel=\"category tag\" href=\"https:\/\/uzuriestetica.com\/en\/category\/uzuri-estetica\/\"><span>Uzuri Est\u00e9tica<\/span><\/a><\/span><\/span><\/span><\/span><\/div><\/div>\t\t\t<\/div>\n\t\t<\/div>\n\t\t\t\t\t\t<\/div>\n\t\t\t\t<\/div>\n\t\t\t\t<div class=\"elementor-element elementor-element-5b44269f cmsmasters-line-clamp-yes cmsmasters-color-variation-default cmsmasters-pointer-none cmsmasters-block-default cmsmasters-sticky-default elementor-widget elementor-widget-cmsmasters-post-title cmsmasters-widget-title\" data-id=\"5b44269f\" data-element_type=\"widget\" data-e-type=\"widget\" data-widget_type=\"cmsmasters-post-title.default\">\n\t\t\t\t<div class=\"elementor-widget-container\">\n\t\t\t\t\t<h4 class=\"entry-title cmsmasters-widget-title__heading\" title=\"\u00bfC\u00f3mo mejorar la condici\u00f3n de la piel? Secretos para una piel perfecta\"><a href=\"https:\/\/uzuriestetica.com\/en\/como-mejorar-la-condicion-de-la-piel-secretos-para-una-piel-perfecta\/\" >\u00bfC\u00f3mo mejorar la condici\u00f3n de la piel? Secretos para una piel perfecta<\/a><\/h4>\t\t\t\t<\/div>\n\t\t\t\t<\/div>\n\t\t\t\t<div class=\"elementor-element elementor-element-53c33032 elementor-widget-divider--view-line cmsmasters-block-default cmsmasters-sticky-default elementor-widget elementor-widget-divider\" data-id=\"53c33032\" data-element_type=\"widget\" data-e-type=\"widget\" data-widget_type=\"divider.default\">\n\t\t\t\t<div class=\"elementor-widget-container\">\n\t\t\t\t\t\t\t<div class=\"elementor-divider\">\n\t\t\t<span class=\"elementor-divider-separator\">\n\t\t\t\t\t\t<\/span>\n\t\t<\/div>\n\t\t\t\t\t\t<\/div>\n\t\t\t\t<\/div>\n\t\t\t\t<div class=\"elementor-element elementor-element-3b0d310a cmsmasters-button-align-left cmsmasters-icon-arrangement-together cmsmasters-block-default cmsmasters-sticky-default elementor-widget elementor-widget-cmsmasters-button\" data-id=\"3b0d310a\" data-element_type=\"widget\" data-e-type=\"widget\" data-widget_type=\"cmsmasters-button.default\">\n\t\t\t\t<div class=\"elementor-widget-container\">\n\t\t\t\t\t<div class=\"elementor-widget-cmsmasters-button__button-container\"><div class=\"elementor-widget-cmsmasters-button__button-container-inner\"><a href=\"https:\/\/uzuriestetica.com\/en\/como-mejorar-la-condicion-de-la-piel-secretos-para-una-piel-perfecta\/\" class=\"cmsmasters-button-link elementor-widget-cmsmasters-button__button cmsmasters-icon-view-default cmsmasters-icon-shape- cmsmasters-button-size-sm\" role=\"button\"><span class=\"elementor-widget-cmsmasters-button__content-wrapper cmsmasters-align-icon-right\"><span class=\"elementor-widget-cmsmasters-button__icon\"><i aria-hidden=\"true\" class=\"cmsdemo-icon- cms-demo-icon-arrow-diagonal\"><\/i><\/span><span class=\"elementor-widget-cmsmasters-button__text\">Leer m\u00e1s<\/span><\/span><\/a><\/div><\/div>\t\t\t\t<\/div>\n\t\t\t\t<\/div>\n\t\t\t\t<\/div>\n\t\t\t\t\t\t<\/div>\n\t\t\t<\/div>\n\t\t<\/div><\/div><\/article><article id=\"post-1405\" class=\"cmsmasters-blog__post post-1405 post type-post status-publish format-standard has-post-thumbnail hentry category-uzuri-estetica tag-body tag-botox tag-laser\"><div class=\"cmsmasters-blog__post-inner\"><div data-elementor-type=\"cmsmasters_entry\" data-elementor-id=\"182\" class=\"elementor elementor-182\">\t\t\t<div class=\"elementor-inner\">\n\t\t\t\t<div class=\"elementor-section-wrap\">\n\t\t\t\t\t<div class=\"elementor-element elementor-element-40cab28d e-con-full e-flex cmsmasters-block-default e-con e-parent\" data-id=\"40cab28d\" data-element_type=\"container\" data-e-type=\"container\">\n\t\t\t\t<div class=\"elementor-element elementor-element-2889bd91 cmsmasters-object-fit cmsmasters-object-fit-cover cmsmasters-block-default cmsmasters-sticky-default elementor-widget elementor-widget-cmsmasters-post-featured-image cmsmasters-widget-image\" data-id=\"2889bd91\" data-element_type=\"widget\" data-e-type=\"widget\" data-widget_type=\"cmsmasters-post-featured-image.default\">\n\t\t\t\t<div class=\"elementor-widget-container\">\n\t\t\t\t\t<div class=\"cmsmasters-widget-image__wrap\"><a href=\"https:\/\/uzuriestetica.com\/en\/como-cuidar-tu-piel-despues-de-procedimientos-esteticos\/\" data-elementor-open-lightbox=\"\" aria-label=\"Featured Image\"><img decoding=\"async\" width=\"1480\" height=\"840\" src=\"https:\/\/uzuriestetica.com\/wp-content\/uploads\/2024\/01\/blog-8-30x17.webp\" class=\"attachment-full size-full wp-image-28401 cmsmasters_img cmsmasters-lazyload lazyload\" alt=\"blog-8\" data-sizes=\"(max-width: 1480px) 100vw, 1480px\" data-src=\"https:\/\/uzuriestetica.com\/wp-content\/uploads\/2024\/01\/blog-8.webp\" data-srcset=\"https:\/\/uzuriestetica.com\/wp-content\/uploads\/2024\/01\/blog-8.webp 1480w, https:\/\/uzuriestetica.com\/wp-content\/uploads\/2024\/01\/blog-8-600x341.webp 600w, https:\/\/uzuriestetica.com\/wp-content\/uploads\/2024\/01\/blog-8-300x170.webp 300w, https:\/\/uzuriestetica.com\/wp-content\/uploads\/2024\/01\/blog-8-1024x581.webp 1024w, https:\/\/uzuriestetica.com\/wp-content\/uploads\/2024\/01\/blog-8-768x436.webp 768w, https:\/\/uzuriestetica.com\/wp-content\/uploads\/2024\/01\/blog-8-529x300.webp 529w, https:\/\/uzuriestetica.com\/wp-content\/uploads\/2024\/01\/blog-8-30x16.webp 30w, https:\/\/uzuriestetica.com\/wp-content\/uploads\/2024\/01\/blog-8-18x10.webp 18w\" srcset=\"https:\/\/uzuriestetica.com\/wp-content\/uploads\/2024\/01\/blog-8-30x16.webp 30w, https:\/\/uzuriestetica.com\/wp-content\/uploads\/2024\/01\/blog-8-600x341.webp 600w, https:\/\/uzuriestetica.com\/wp-content\/uploads\/2024\/01\/blog-8-300x170.webp 300w, https:\/\/uzuriestetica.com\/wp-content\/uploads\/2024\/01\/blog-8-1024x581.webp 1024w, https:\/\/uzuriestetica.com\/wp-content\/uploads\/2024\/01\/blog-8-768x436.webp 768w, https:\/\/uzuriestetica.com\/wp-content\/uploads\/2024\/01\/blog-8-529x300.webp 529w, https:\/\/uzuriestetica.com\/wp-content\/uploads\/2024\/01\/blog-8-18x10.webp 18w, https:\/\/uzuriestetica.com\/wp-content\/uploads\/2024\/01\/blog-8.webp 1480w\" sizes=\"(max-width: 1480px) 100vw, 1480px\" \/><\/a><\/div>\t\t\t\t<\/div>\n\t\t\t\t<\/div>\n\t\t\t\t<div class=\"elementor-element elementor-element-7f914e7c cmsmasters-metadata-alignment-left cmsmasters-count--dir-row cmsmasters-block-default cmsmasters-sticky-default elementor-widget elementor-widget-cmsmasters-meta-data\" data-id=\"7f914e7c\" data-element_type=\"widget\" data-e-type=\"widget\" data-widget_type=\"cmsmasters-meta-data.default\">\n\t\t\t\t<div class=\"elementor-widget-container\">\n\t\t\t\t\t\t\t<div class=\"cmsmasters-meta-data\">\n\t\t\t<div class=\"cmsmasters-meta-data__inner\">\n\t\t\t\t<div class=\"cmsmasters-meta-data__item elementor-repeater-item-e224480\"><div class=\"cmsmasters-meta-data__item__inner\"><span data-taxonomy=\"category\" class=\"cmsmasters-postmeta\" data-name=\"taxonomy\"><span class=\"cmsmasters-postmeta__inner\"><span class=\"cmsmasters-postmeta__content\"><span class=\"term-wrap\"><a class=\"term\" rel=\"category tag\" href=\"https:\/\/uzuriestetica.com\/en\/category\/uzuri-estetica\/\"><span>Uzuri Est\u00e9tica<\/span><\/a><\/span><\/span><\/span><\/span><\/div><\/div>\t\t\t<\/div>\n\t\t<\/div>\n\t\t\t\t\t\t<\/div>\n\t\t\t\t<\/div>\n\t\t\t\t<div class=\"elementor-element elementor-element-5b44269f cmsmasters-line-clamp-yes cmsmasters-color-variation-default cmsmasters-pointer-none cmsmasters-block-default cmsmasters-sticky-default elementor-widget elementor-widget-cmsmasters-post-title cmsmasters-widget-title\" data-id=\"5b44269f\" data-element_type=\"widget\" data-e-type=\"widget\" data-widget_type=\"cmsmasters-post-title.default\">\n\t\t\t\t<div class=\"elementor-widget-container\">\n\t\t\t\t\t<h4 class=\"entry-title cmsmasters-widget-title__heading\" title=\"C\u00f3mo cuidar tu piel despu\u00e9s de procedimientos est\u00e9ticos\"><a href=\"https:\/\/uzuriestetica.com\/en\/como-cuidar-tu-piel-despues-de-procedimientos-esteticos\/\" >C\u00f3mo cuidar tu piel despu\u00e9s de procedimientos est\u00e9ticos<\/a><\/h4>\t\t\t\t<\/div>\n\t\t\t\t<\/div>\n\t\t\t\t<div class=\"elementor-element elementor-element-53c33032 elementor-widget-divider--view-line cmsmasters-block-default cmsmasters-sticky-default elementor-widget elementor-widget-divider\" data-id=\"53c33032\" data-element_type=\"widget\" data-e-type=\"widget\" data-widget_type=\"divider.default\">\n\t\t\t\t<div class=\"elementor-widget-container\">\n\t\t\t\t\t\t\t<div class=\"elementor-divider\">\n\t\t\t<span class=\"elementor-divider-separator\">\n\t\t\t\t\t\t<\/span>\n\t\t<\/div>\n\t\t\t\t\t\t<\/div>\n\t\t\t\t<\/div>\n\t\t\t\t<div class=\"elementor-element elementor-element-3b0d310a cmsmasters-button-align-left cmsmasters-icon-arrangement-together cmsmasters-block-default cmsmasters-sticky-default elementor-widget elementor-widget-cmsmasters-button\" data-id=\"3b0d310a\" data-element_type=\"widget\" data-e-type=\"widget\" data-widget_type=\"cmsmasters-button.default\">\n\t\t\t\t<div class=\"elementor-widget-container\">\n\t\t\t\t\t<div class=\"elementor-widget-cmsmasters-button__button-container\"><div class=\"elementor-widget-cmsmasters-button__button-container-inner\"><a href=\"https:\/\/uzuriestetica.com\/en\/como-cuidar-tu-piel-despues-de-procedimientos-esteticos\/\" class=\"cmsmasters-button-link elementor-widget-cmsmasters-button__button cmsmasters-icon-view-default cmsmasters-icon-shape- cmsmasters-button-size-sm\" role=\"button\"><span class=\"elementor-widget-cmsmasters-button__content-wrapper cmsmasters-align-icon-right\"><span class=\"elementor-widget-cmsmasters-button__icon\"><i aria-hidden=\"true\" class=\"cmsdemo-icon- cms-demo-icon-arrow-diagonal\"><\/i><\/span><span class=\"elementor-widget-cmsmasters-button__text\">Leer m\u00e1s<\/span><\/span><\/a><\/div><\/div>\t\t\t\t<\/div>\n\t\t\t\t<\/div>\n\t\t\t\t<\/div>\n\t\t\t\t\t\t<\/div>\n\t\t\t<\/div>\n\t\t<\/div><\/div><\/article><article id=\"post-1406\" class=\"cmsmasters-blog__post post-1406 post type-post status-publish format-standard has-post-thumbnail hentry category-uzuri-estetica tag-body tag-botox tag-face\"><div class=\"cmsmasters-blog__post-inner\"><div data-elementor-type=\"cmsmasters_entry\" data-elementor-id=\"182\" class=\"elementor elementor-182\">\t\t\t<div class=\"elementor-inner\">\n\t\t\t\t<div class=\"elementor-section-wrap\">\n\t\t\t\t\t<div class=\"elementor-element elementor-element-40cab28d e-con-full e-flex cmsmasters-block-default e-con e-parent\" data-id=\"40cab28d\" data-element_type=\"container\" data-e-type=\"container\">\n\t\t\t\t<div class=\"elementor-element elementor-element-2889bd91 cmsmasters-object-fit cmsmasters-object-fit-cover cmsmasters-block-default cmsmasters-sticky-default elementor-widget elementor-widget-cmsmasters-post-featured-image cmsmasters-widget-image\" data-id=\"2889bd91\" data-element_type=\"widget\" data-e-type=\"widget\" data-widget_type=\"cmsmasters-post-featured-image.default\">\n\t\t\t\t<div class=\"elementor-widget-container\">\n\t\t\t\t\t<div class=\"cmsmasters-widget-image__wrap\"><a href=\"https:\/\/uzuriestetica.com\/en\/como-tener-un-estado-de-piel-mas-saludable\/\" data-elementor-open-lightbox=\"\" aria-label=\"Featured Image\"><img decoding=\"async\" width=\"1480\" height=\"840\" src=\"https:\/\/uzuriestetica.com\/wp-content\/uploads\/2024\/01\/blog-9-30x17.webp\" class=\"attachment-full size-full wp-image-28408 cmsmasters_img cmsmasters-lazyload lazyload\" alt=\"blog-9\" data-sizes=\"(max-width: 1480px) 100vw, 1480px\" data-src=\"https:\/\/uzuriestetica.com\/wp-content\/uploads\/2024\/01\/blog-9.webp\" data-srcset=\"https:\/\/uzuriestetica.com\/wp-content\/uploads\/2024\/01\/blog-9.webp 1480w, https:\/\/uzuriestetica.com\/wp-content\/uploads\/2024\/01\/blog-9-600x341.webp 600w, https:\/\/uzuriestetica.com\/wp-content\/uploads\/2024\/01\/blog-9-300x170.webp 300w, https:\/\/uzuriestetica.com\/wp-content\/uploads\/2024\/01\/blog-9-1024x581.webp 1024w, https:\/\/uzuriestetica.com\/wp-content\/uploads\/2024\/01\/blog-9-768x436.webp 768w, https:\/\/uzuriestetica.com\/wp-content\/uploads\/2024\/01\/blog-9-529x300.webp 529w, https:\/\/uzuriestetica.com\/wp-content\/uploads\/2024\/01\/blog-9-30x16.webp 30w, https:\/\/uzuriestetica.com\/wp-content\/uploads\/2024\/01\/blog-9-18x10.webp 18w\" srcset=\"https:\/\/uzuriestetica.com\/wp-content\/uploads\/2024\/01\/blog-9-30x16.webp 30w, https:\/\/uzuriestetica.com\/wp-content\/uploads\/2024\/01\/blog-9-600x341.webp 600w, https:\/\/uzuriestetica.com\/wp-content\/uploads\/2024\/01\/blog-9-300x170.webp 300w, https:\/\/uzuriestetica.com\/wp-content\/uploads\/2024\/01\/blog-9-1024x581.webp 1024w, https:\/\/uzuriestetica.com\/wp-content\/uploads\/2024\/01\/blog-9-768x436.webp 768w, https:\/\/uzuriestetica.com\/wp-content\/uploads\/2024\/01\/blog-9-529x300.webp 529w, https:\/\/uzuriestetica.com\/wp-content\/uploads\/2024\/01\/blog-9-18x10.webp 18w, https:\/\/uzuriestetica.com\/wp-content\/uploads\/2024\/01\/blog-9.webp 1480w\" sizes=\"(max-width: 1480px) 100vw, 1480px\" \/><\/a><\/div>\t\t\t\t<\/div>\n\t\t\t\t<\/div>\n\t\t\t\t<div class=\"elementor-element elementor-element-7f914e7c cmsmasters-metadata-alignment-left cmsmasters-count--dir-row cmsmasters-block-default cmsmasters-sticky-default elementor-widget elementor-widget-cmsmasters-meta-data\" data-id=\"7f914e7c\" data-element_type=\"widget\" data-e-type=\"widget\" data-widget_type=\"cmsmasters-meta-data.default\">\n\t\t\t\t<div class=\"elementor-widget-container\">\n\t\t\t\t\t\t\t<div class=\"cmsmasters-meta-data\">\n\t\t\t<div class=\"cmsmasters-meta-data__inner\">\n\t\t\t\t<div class=\"cmsmasters-meta-data__item elementor-repeater-item-e224480\"><div class=\"cmsmasters-meta-data__item__inner\"><span data-taxonomy=\"category\" class=\"cmsmasters-postmeta\" data-name=\"taxonomy\"><span class=\"cmsmasters-postmeta__inner\"><span class=\"cmsmasters-postmeta__content\"><span class=\"term-wrap\"><a class=\"term\" rel=\"category tag\" href=\"https:\/\/uzuriestetica.com\/en\/category\/uzuri-estetica\/\"><span>Uzuri Est\u00e9tica<\/span><\/a><\/span><\/span><\/span><\/span><\/div><\/div>\t\t\t<\/div>\n\t\t<\/div>\n\t\t\t\t\t\t<\/div>\n\t\t\t\t<\/div>\n\t\t\t\t<div class=\"elementor-element elementor-element-5b44269f cmsmasters-line-clamp-yes cmsmasters-color-variation-default cmsmasters-pointer-none cmsmasters-block-default cmsmasters-sticky-default elementor-widget elementor-widget-cmsmasters-post-title cmsmasters-widget-title\" data-id=\"5b44269f\" data-element_type=\"widget\" data-e-type=\"widget\" data-widget_type=\"cmsmasters-post-title.default\">\n\t\t\t\t<div class=\"elementor-widget-container\">\n\t\t\t\t\t<h4 class=\"entry-title cmsmasters-widget-title__heading\" title=\"C\u00f3mo tener un estado de piel m\u00e1s saludable\"><a href=\"https:\/\/uzuriestetica.com\/en\/como-tener-un-estado-de-piel-mas-saludable\/\" >C\u00f3mo tener un estado de piel m\u00e1s saludable<\/a><\/h4>\t\t\t\t<\/div>\n\t\t\t\t<\/div>\n\t\t\t\t<div class=\"elementor-element elementor-element-53c33032 elementor-widget-divider--view-line cmsmasters-block-default cmsmasters-sticky-default elementor-widget elementor-widget-divider\" data-id=\"53c33032\" data-element_type=\"widget\" data-e-type=\"widget\" data-widget_type=\"divider.default\">\n\t\t\t\t<div class=\"elementor-widget-container\">\n\t\t\t\t\t\t\t<div class=\"elementor-divider\">\n\t\t\t<span class=\"elementor-divider-separator\">\n\t\t\t\t\t\t<\/span>\n\t\t<\/div>\n\t\t\t\t\t\t<\/div>\n\t\t\t\t<\/div>\n\t\t\t\t<div class=\"elementor-element elementor-element-3b0d310a cmsmasters-button-align-left cmsmasters-icon-arrangement-together cmsmasters-block-default cmsmasters-sticky-default elementor-widget elementor-widget-cmsmasters-button\" data-id=\"3b0d310a\" data-element_type=\"widget\" data-e-type=\"widget\" data-widget_type=\"cmsmasters-button.default\">\n\t\t\t\t<div class=\"elementor-widget-container\">\n\t\t\t\t\t<div class=\"elementor-widget-cmsmasters-button__button-container\"><div class=\"elementor-widget-cmsmasters-button__button-container-inner\"><a href=\"https:\/\/uzuriestetica.com\/en\/como-tener-un-estado-de-piel-mas-saludable\/\" class=\"cmsmasters-button-link elementor-widget-cmsmasters-button__button cmsmasters-icon-view-default cmsmasters-icon-shape- cmsmasters-button-size-sm\" role=\"button\"><span class=\"elementor-widget-cmsmasters-button__content-wrapper cmsmasters-align-icon-right\"><span class=\"elementor-widget-cmsmasters-button__icon\"><i aria-hidden=\"true\" class=\"cmsdemo-icon- cms-demo-icon-arrow-diagonal\"><\/i><\/span><span class=\"elementor-widget-cmsmasters-button__text\">Leer m\u00e1s<\/span><\/span><\/a><\/div><\/div>\t\t\t\t<\/div>\n\t\t\t\t<\/div>\n\t\t\t\t<\/div>\n\t\t\t\t\t\t<\/div>\n\t\t\t<\/div>\n\t\t<\/div><\/div><\/article><\/div><\/div><\/div><\/div>\t\t\t\t<\/div>\n\t\t\t\t<\/div>\n\t\t\t\t\t<\/div>\n\t\t\t\t<\/div>\n\t\t\t\t<\/div>","protected":false},"excerpt":{"rendered":"<p>Home\/No breadcrumbs<\/p>","protected":false},"author":2,"featured_media":0,"parent":0,"menu_order":0,"comment_status":"closed","ping_status":"closed","template":"","meta":{"_acf_changed":false,"footnotes":""},"class_list":["post-29578","page","type-page","status-publish","hentry"],"acf":[],"_links":{"self":[{"href":"https:\/\/uzuriestetica.com\/en\/wp-json\/wp\/v2\/pages\/29578","targetHints":{"allow":["GET"]}}],"collection":[{"href":"https:\/\/uzuriestetica.com\/en\/wp-json\/wp\/v2\/pages"}],"about":[{"href":"https:\/\/uzuriestetica.com\/en\/wp-json\/wp\/v2\/types\/page"}],"author":[{"embeddable":true,"href":"https:\/\/uzuriestetica.com\/en\/wp-json\/wp\/v2\/users\/2"}],"replies":[{"embeddable":true,"href":"https:\/\/uzuriestetica.com\/en\/wp-json\/wp\/v2\/comments?post=29578"}],"version-history":[{"count":2,"href":"https:\/\/uzuriestetica.com\/en\/wp-json\/wp\/v2\/pages\/29578\/revisions"}],"predecessor-version":[{"id":32893,"href":"https:\/\/uzuriestetica.com\/en\/wp-json\/wp\/v2\/pages\/29578\/revisions\/32893"}],"wp:attachment":[{"href":"https:\/\/uzuriestetica.com\/en\/wp-json\/wp\/v2\/media?parent=29578"}],"curies":[{"name":"wp","href":"https:\/\/api.w.org\/{rel}","templated":true}]}}